{"id":7951,"date":"2020-08-28T16:21:14","date_gmt":"2020-08-28T19:21:14","guid":{"rendered":"https:\/\/colegiojoaoherman.com.br\/?page_id=7951"},"modified":"2022-04-21T12:49:22","modified_gmt":"2022-04-21T15:49:22","slug":"fundamental20201","status":"publish","type":"page","link":"https:\/\/colegiojoaoherman.com.br\/?page_id=7951","title":{"rendered":"Anos Iniciais Fundamental I"},"content":{"rendered":"\t\t<div data-elementor-type=\"wp-page\" data-elementor-id=\"7951\" class=\"elementor elementor-7951\">\n\t\t\t\t\t\t<section class=\"elementor-section elementor-top-section elementor-element elementor-element-6efd0b5 elementor-section-stretched elementor-section-full_width elementor-section-height-default elementor-section-height-default\" data-id=\"6efd0b5\" data-element_type=\"section\" data-e-type=\"section\" data-settings=\"{&quot;stretch_section&quot;:&quot;section-stretched&quot;,&quot;background_background&quot;:&quot;classic&quot;,&quot;shape_divider_top&quot;:&quot;waves&quot;,&quot;shape_divider_bottom&quot;:&quot;waves&quot;}\">\n\t\t\t\t\t<div class=\"elementor-shape elementor-shape-top\" aria-hidden=\"true\" data-negative=\"false\">\n\t\t\t<svg xmlns=\"http:\/\/www.w3.org\/2000\/svg\" viewBox=\"0 0 1000 100\" preserveAspectRatio=\"none\">\n\t<path class=\"elementor-shape-fill\" d=\"M421.9,6.5c22.6-2.5,51.5,0.4,75.5,5.3c23.6,4.9,70.9,23.5,100.5,35.7c75.8,32.2,133.7,44.5,192.6,49.7\n\tc23.6,2.1,48.7,3.5,103.4-2.5c54.7-6,106.2-25.6,106.2-25.6V0H0v30.3c0,0,72,32.6,158.4,30.5c39.2-0.7,92.8-6.7,134-22.4\n\tc21.2-8.1,52.2-18.2,79.7-24.2C399.3,7.9,411.6,7.5,421.9,6.5z\"\/>\n<\/svg>\t\t<\/div>\n\t\t\t\t<div class=\"elementor-shape elementor-shape-bottom\" aria-hidden=\"true\" data-negative=\"false\">\n\t\t\t<svg xmlns=\"http:\/\/www.w3.org\/2000\/svg\" viewBox=\"0 0 1000 100\" preserveAspectRatio=\"none\">\n\t<path class=\"elementor-shape-fill\" d=\"M421.9,6.5c22.6-2.5,51.5,0.4,75.5,5.3c23.6,4.9,70.9,23.5,100.5,35.7c75.8,32.2,133.7,44.5,192.6,49.7\n\tc23.6,2.1,48.7,3.5,103.4-2.5c54.7-6,106.2-25.6,106.2-25.6V0H0v30.3c0,0,72,32.6,158.4,30.5c39.2-0.7,92.8-6.7,134-22.4\n\tc21.2-8.1,52.2-18.2,79.7-24.2C399.3,7.9,411.6,7.5,421.9,6.5z\"\/>\n<\/svg>\t\t<\/div>\n\t\t\t\t\t<div class=\"elementor-container elementor-column-gap-default\">\n\t\t\t\t\t<div class=\"elementor-column elementor-col-100 elementor-top-column elementor-element elementor-element-109c281\" data-id=\"109c281\" data-element_type=\"column\" data-e-type=\"column\">\n\t\t\t<div class=\"elementor-widget-wrap\">\n\t\t\t\t\t\t\t<\/div>\n\t\t<\/div>\n\t\t\t\t\t<\/div>\n\t\t<\/section>\n\t\t\t\t<section class=\"elementor-section elementor-top-section elementor-element elementor-element-0f015c3 elementor-section-boxed elementor-section-height-default elementor-section-height-default\" data-id=\"0f015c3\" data-element_type=\"section\" data-e-type=\"section\">\n\t\t\t\t\t\t<div class=\"elementor-container elementor-column-gap-default\">\n\t\t\t\t\t<div class=\"elementor-column elementor-col-100 elementor-top-column elementor-element elementor-element-db6dcf9\" data-id=\"db6dcf9\" data-element_type=\"column\" data-e-type=\"column\">\n\t\t\t<div class=\"elementor-widget-wrap elementor-element-populated\">\n\t\t\t\t\t\t<div class=\"elementor-element elementor-element-614b70b elementor-widget elementor-widget-spacer\" data-id=\"614b70b\" data-element_type=\"widget\" data-e-type=\"widget\" data-widget_type=\"spacer.default\">\n\t\t\t\t<div class=\"elementor-widget-container\">\n\t\t\t\t\t\t\t<div class=\"elementor-spacer\">\n\t\t\t<div class=\"elementor-spacer-inner\"><\/div>\n\t\t<\/div>\n\t\t\t\t\t\t<\/div>\n\t\t\t\t<\/div>\n\t\t\t\t<div class=\"elementor-element elementor-element-f421b24 elementor-widget elementor-widget-heading\" data-id=\"f421b24\" data-element_type=\"widget\" data-e-type=\"widget\" data-widget_type=\"heading.default\">\n\t\t\t\t<div class=\"elementor-widget-container\">\n\t\t\t\t\t<h6 class=\"elementor-heading-title elementor-size-small\">ANOS INICIAIS \u2013 FUNDAMENTAL I<\/h6>\t\t\t\t<\/div>\n\t\t\t\t<\/div>\n\t\t\t\t\t<\/div>\n\t\t<\/div>\n\t\t\t\t\t<\/div>\n\t\t<\/section>\n\t\t\t\t<section class=\"elementor-section elementor-top-section elementor-element elementor-element-446b86c elementor-section-boxed elementor-section-height-default elementor-section-height-default\" data-id=\"446b86c\" data-element_type=\"section\" data-e-type=\"section\">\n\t\t\t\t\t\t<div class=\"elementor-container elementor-column-gap-default\">\n\t\t\t\t\t<div class=\"elementor-column elementor-col-100 elementor-top-column elementor-element elementor-element-b1c42da\" data-id=\"b1c42da\" data-element_type=\"column\" data-e-type=\"column\">\n\t\t\t<div class=\"elementor-widget-wrap elementor-element-populated\">\n\t\t\t\t\t\t<div class=\"elementor-element elementor-element-3084454 elementor-widget elementor-widget-spacer\" data-id=\"3084454\" data-element_type=\"widget\" data-e-type=\"widget\" data-widget_type=\"spacer.default\">\n\t\t\t\t<div class=\"elementor-widget-container\">\n\t\t\t\t\t\t\t<div class=\"elementor-spacer\">\n\t\t\t<div class=\"elementor-spacer-inner\"><\/div>\n\t\t<\/div>\n\t\t\t\t\t\t<\/div>\n\t\t\t\t<\/div>\n\t\t\t\t<div class=\"elementor-element elementor-element-e037d38 elementor-widget elementor-widget-text-editor\" data-id=\"e037d38\" data-element_type=\"widget\" data-e-type=\"widget\" data-widget_type=\"text-editor.default\">\n\t\t\t\t<div class=\"elementor-widget-container\">\n\t\t\t\t\t\t\t\t\t<p style=\"text-align: center;\"><strong>Lideran\u00e7a muito al\u00e9m do aprendizado<\/strong><\/p><h5 style=\"text-align: center; line-height: 16.8pt;\" align=\"center\">Quando pensamos nos alunos do Ensino Fundamental \u2013 1\u00ba ao 5\u00ba ano, nosso prop\u00f3sito central \u00e9 prepara-los para as novidades, o aprendizado e a pr\u00f3pria din\u00e2mica do dia a dia. \u00c9 um momento muito prop\u00edcio para apresentar e ambientar as crian\u00e7as \u00e0s mudan\u00e7as constantes do mundo. S\u00e3o passos essenciais para uma jornada que, cada vez mais, ser\u00e1 marcada pela complexidade. Sermos antenados em tecnologia \u00e9 o que nos permite a melhor combina\u00e7\u00e3o entre as experi\u00eancias convencionais e digitais! Afinal, hoje, \u00e9 isso que as crian\u00e7as experimentam desde o seu nascimento.<\/h5>\t\t\t\t\t\t\t\t<\/div>\n\t\t\t\t<\/div>\n\t\t\t\t<div class=\"elementor-element elementor-element-df9bd1a elementor-widget elementor-widget-text-editor\" data-id=\"df9bd1a\" data-element_type=\"widget\" data-e-type=\"widget\" data-widget_type=\"text-editor.default\">\n\t\t\t\t<div class=\"elementor-widget-container\">\n\t\t\t\t\t\t\t\t\t<p style=\"text-align: center;\"><strong>CURR\u00cdCULO<br \/>1\u00ba AO 5\u00ba ANO<\/strong><\/p><h5 style=\"text-align: center; line-height: 16.8pt;\" align=\"center\">5 Livros Volumes Bimestrais<\/h5><h5 align=\"center\">Potugu\u00eas<br \/>Matm\u00e1tica<br \/>Ci\u00eancias<br \/>Geografia<br \/>Hist\u00f3ria<br \/><br \/>Acompanha materiais complementares<br \/>4 Paradid\u00e1ticos + 4 Liv. de Projetos + Di\u00e1rio do Aluno<\/h5><h5 style=\"text-align: center; line-height: 16.8pt;\" align=\"center\">\u00a0<\/h5>\t\t\t\t\t\t\t\t<\/div>\n\t\t\t\t<\/div>\n\t\t\t\t\t<\/div>\n\t\t<\/div>\n\t\t\t\t\t<\/div>\n\t\t<\/section>\n\t\t\t\t<section class=\"elementor-section elementor-top-section elementor-element elementor-element-dcd7d21 elementor-section-boxed elementor-section-height-default elementor-section-height-default\" data-id=\"dcd7d21\" data-element_type=\"section\" data-e-type=\"section\">\n\t\t\t\t\t\t<div class=\"elementor-container elementor-column-gap-default\">\n\t\t\t\t\t<div class=\"elementor-column elementor-col-50 elementor-top-column elementor-element elementor-element-b2c6734\" data-id=\"b2c6734\" data-element_type=\"column\" data-e-type=\"column\">\n\t\t\t<div class=\"elementor-widget-wrap\">\n\t\t\t\t\t\t\t<\/div>\n\t\t<\/div>\n\t\t\t\t<div class=\"elementor-column elementor-col-50 elementor-top-column elementor-element elementor-element-026598d\" data-id=\"026598d\" data-element_type=\"column\" data-e-type=\"column\">\n\t\t\t<div class=\"elementor-widget-wrap\">\n\t\t\t\t\t\t\t<\/div>\n\t\t<\/div>\n\t\t\t\t\t<\/div>\n\t\t<\/section>\n\t\t\t\t<\/div>\n\t\t","protected":false},"excerpt":{"rendered":"<p>ANOS INICIAIS \u2013 FUNDAMENTAL I Lideran\u00e7a muito al\u00e9m do aprendizado Quando pensamos nos alunos do Ensino Fundamental \u2013 1\u00ba ao 5\u00ba ano, nosso prop\u00f3sito central \u00e9 prepara-los para as novidades, o aprendizado e a pr\u00f3pria din\u00e2mica do dia a dia. \u00c9 um momento muito prop\u00edcio para apresentar e ambientar as crian\u00e7as \u00e0s mudan\u00e7as constantes do [&hellip;]<\/p>\n","protected":false},"author":1,"featured_media":0,"parent":0,"menu_order":0,"comment_status":"closed","ping_status":"closed","template":"","meta":{"footnotes":""},"class_list":["post-7951","page","type-page","status-publish","hentry","entry"],"_links":{"self":[{"href":"https:\/\/colegiojoaoherman.com.br\/index.php?rest_route=\/wp\/v2\/pages\/7951","targetHints":{"allow":["GET"]}}],"collection":[{"href":"https:\/\/colegiojoaoherman.com.br\/index.php?rest_route=\/wp\/v2\/pages"}],"about":[{"href":"https:\/\/colegiojoaoherman.com.br\/index.php?rest_route=\/wp\/v2\/types\/page"}],"author":[{"embeddable":true,"href":"https:\/\/colegiojoaoherman.com.br\/index.php?rest_route=\/wp\/v2\/users\/1"}],"replies":[{"embeddable":true,"href":"https:\/\/colegiojoaoherman.com.br\/index.php?rest_route=%2Fwp%2Fv2%2Fcomments&post=7951"}],"version-history":[{"count":22,"href":"https:\/\/colegiojoaoherman.com.br\/index.php?rest_route=\/wp\/v2\/pages\/7951\/revisions"}],"predecessor-version":[{"id":12775,"href":"https:\/\/colegiojoaoherman.com.br\/index.php?rest_route=\/wp\/v2\/pages\/7951\/revisions\/12775"}],"wp:attachment":[{"href":"https:\/\/colegiojoaoherman.com.br\/index.php?rest_route=%2Fwp%2Fv2%2Fmedia&parent=7951"}],"curies":[{"name":"wp","href":"https:\/\/api.w.org\/{rel}","templated":true}]}}