{"id":7956,"date":"2020-08-28T16:29:39","date_gmt":"2020-08-28T19:29:39","guid":{"rendered":"https:\/\/colegiojoaoherman.com.br\/?page_id=7956"},"modified":"2022-04-21T12:47:53","modified_gmt":"2022-04-21T15:47:53","slug":"fundamental20201-2","status":"publish","type":"page","link":"https:\/\/colegiojoaoherman.com.br\/?page_id=7956","title":{"rendered":"Ensino Fundamental II &#8211; Anos Finais"},"content":{"rendered":"\t\t<div data-elementor-type=\"wp-page\" data-elementor-id=\"7956\" class=\"elementor elementor-7956\">\n\t\t\t\t\t\t<section class=\"elementor-section elementor-top-section elementor-element elementor-element-6efd0b5 elementor-section-stretched elementor-section-full_width elementor-section-height-default elementor-section-height-default\" data-id=\"6efd0b5\" data-element_type=\"section\" data-e-type=\"section\" data-settings=\"{&quot;stretch_section&quot;:&quot;section-stretched&quot;,&quot;background_background&quot;:&quot;classic&quot;,&quot;shape_divider_top&quot;:&quot;waves&quot;,&quot;shape_divider_bottom&quot;:&quot;waves&quot;}\">\n\t\t\t\t\t<div class=\"elementor-shape elementor-shape-top\" aria-hidden=\"true\" data-negative=\"false\">\n\t\t\t<svg xmlns=\"http:\/\/www.w3.org\/2000\/svg\" viewBox=\"0 0 1000 100\" preserveAspectRatio=\"none\">\n\t<path class=\"elementor-shape-fill\" d=\"M421.9,6.5c22.6-2.5,51.5,0.4,75.5,5.3c23.6,4.9,70.9,23.5,100.5,35.7c75.8,32.2,133.7,44.5,192.6,49.7\n\tc23.6,2.1,48.7,3.5,103.4-2.5c54.7-6,106.2-25.6,106.2-25.6V0H0v30.3c0,0,72,32.6,158.4,30.5c39.2-0.7,92.8-6.7,134-22.4\n\tc21.2-8.1,52.2-18.2,79.7-24.2C399.3,7.9,411.6,7.5,421.9,6.5z\"\/>\n<\/svg>\t\t<\/div>\n\t\t\t\t<div class=\"elementor-shape elementor-shape-bottom\" aria-hidden=\"true\" data-negative=\"false\">\n\t\t\t<svg xmlns=\"http:\/\/www.w3.org\/2000\/svg\" viewBox=\"0 0 1000 100\" preserveAspectRatio=\"none\">\n\t<path class=\"elementor-shape-fill\" d=\"M421.9,6.5c22.6-2.5,51.5,0.4,75.5,5.3c23.6,4.9,70.9,23.5,100.5,35.7c75.8,32.2,133.7,44.5,192.6,49.7\n\tc23.6,2.1,48.7,3.5,103.4-2.5c54.7-6,106.2-25.6,106.2-25.6V0H0v30.3c0,0,72,32.6,158.4,30.5c39.2-0.7,92.8-6.7,134-22.4\n\tc21.2-8.1,52.2-18.2,79.7-24.2C399.3,7.9,411.6,7.5,421.9,6.5z\"\/>\n<\/svg>\t\t<\/div>\n\t\t\t\t\t<div class=\"elementor-container elementor-column-gap-default\">\n\t\t\t\t\t<div class=\"elementor-column elementor-col-100 elementor-top-column elementor-element elementor-element-109c281\" data-id=\"109c281\" data-element_type=\"column\" data-e-type=\"column\">\n\t\t\t<div class=\"elementor-widget-wrap\">\n\t\t\t\t\t\t\t<\/div>\n\t\t<\/div>\n\t\t\t\t\t<\/div>\n\t\t<\/section>\n\t\t\t\t<section class=\"elementor-section elementor-top-section elementor-element elementor-element-0f015c3 elementor-section-boxed elementor-section-height-default elementor-section-height-default\" data-id=\"0f015c3\" data-element_type=\"section\" data-e-type=\"section\">\n\t\t\t\t\t\t<div class=\"elementor-container elementor-column-gap-default\">\n\t\t\t\t\t<div class=\"elementor-column elementor-col-100 elementor-top-column elementor-element elementor-element-db6dcf9\" data-id=\"db6dcf9\" data-element_type=\"column\" data-e-type=\"column\">\n\t\t\t<div class=\"elementor-widget-wrap elementor-element-populated\">\n\t\t\t\t\t\t<div class=\"elementor-element elementor-element-238bb1d elementor-widget elementor-widget-spacer\" data-id=\"238bb1d\" data-element_type=\"widget\" data-e-type=\"widget\" data-widget_type=\"spacer.default\">\n\t\t\t\t<div class=\"elementor-widget-container\">\n\t\t\t\t\t\t\t<div class=\"elementor-spacer\">\n\t\t\t<div class=\"elementor-spacer-inner\"><\/div>\n\t\t<\/div>\n\t\t\t\t\t\t<\/div>\n\t\t\t\t<\/div>\n\t\t\t\t<div class=\"elementor-element elementor-element-67f0d1c elementor-widget elementor-widget-heading\" data-id=\"67f0d1c\" data-element_type=\"widget\" data-e-type=\"widget\" data-widget_type=\"heading.default\">\n\t\t\t\t<div class=\"elementor-widget-container\">\n\t\t\t\t\t<h6 class=\"elementor-heading-title elementor-size-small\">ENSINO FUNDAMENTAL II \u2013 ANOS FINAIS<\/h6>\t\t\t\t<\/div>\n\t\t\t\t<\/div>\n\t\t\t\t\t<\/div>\n\t\t<\/div>\n\t\t\t\t\t<\/div>\n\t\t<\/section>\n\t\t\t\t<section class=\"elementor-section elementor-top-section elementor-element elementor-element-446b86c elementor-section-boxed elementor-section-height-default elementor-section-height-default\" data-id=\"446b86c\" data-element_type=\"section\" data-e-type=\"section\">\n\t\t\t\t\t\t<div class=\"elementor-container elementor-column-gap-default\">\n\t\t\t\t\t<div class=\"elementor-column elementor-col-100 elementor-top-column elementor-element elementor-element-b1c42da\" data-id=\"b1c42da\" data-element_type=\"column\" data-e-type=\"column\">\n\t\t\t<div class=\"elementor-widget-wrap elementor-element-populated\">\n\t\t\t\t\t\t<div class=\"elementor-element elementor-element-3084454 elementor-widget elementor-widget-spacer\" data-id=\"3084454\" data-element_type=\"widget\" data-e-type=\"widget\" data-widget_type=\"spacer.default\">\n\t\t\t\t<div class=\"elementor-widget-container\">\n\t\t\t\t\t\t\t<div class=\"elementor-spacer\">\n\t\t\t<div class=\"elementor-spacer-inner\"><\/div>\n\t\t<\/div>\n\t\t\t\t\t\t<\/div>\n\t\t\t\t<\/div>\n\t\t\t\t<div class=\"elementor-element elementor-element-69f2e85 elementor-widget elementor-widget-text-editor\" data-id=\"69f2e85\" data-element_type=\"widget\" data-e-type=\"widget\" data-widget_type=\"text-editor.default\">\n\t\t\t\t<div class=\"elementor-widget-container\">\n\t\t\t\t\t\t\t\t\t<p style=\"text-align: center;\"><strong>Lideran\u00e7a muito al\u00e9m dos desafios<\/strong><\/p><h5 style=\"text-align: center; line-height: 16.8pt;\" align=\"center\">Com os anos, vem a expans\u00e3o de horizontes. Por isso, para o Ensino Fundamental \u2013 Anos Finais preparamos os alunos para o desenvolvimento, a sociedade e o mundo. Nossos materiais para os alunos de 6\u00ba a 9\u00ba ano promovem o desenvolvimento de compet\u00eancias cognitivas e socioemocionais. Al\u00e9m disso, estimulam e preparam os estudantes para que tenham um excelente desempenho em exames preparat\u00f3rios e olimp\u00edadas, nacionais e internacionais.<\/h5>\t\t\t\t\t\t\t\t<\/div>\n\t\t\t\t<\/div>\n\t\t\t\t\t<\/div>\n\t\t<\/div>\n\t\t\t\t\t<\/div>\n\t\t<\/section>\n\t\t\t\t<section class=\"elementor-section elementor-top-section elementor-element elementor-element-dcd7d21 elementor-section-boxed elementor-section-height-default elementor-section-height-default\" data-id=\"dcd7d21\" data-element_type=\"section\" data-e-type=\"section\">\n\t\t\t\t\t\t<div class=\"elementor-container elementor-column-gap-default\">\n\t\t\t\t\t<div class=\"elementor-column elementor-col-50 elementor-top-column elementor-element elementor-element-b2c6734\" data-id=\"b2c6734\" data-element_type=\"column\" data-e-type=\"column\">\n\t\t\t<div class=\"elementor-widget-wrap elementor-element-populated\">\n\t\t\t\t\t\t<div class=\"elementor-element elementor-element-d7476ea elementor-widget elementor-widget-heading\" data-id=\"d7476ea\" data-element_type=\"widget\" data-e-type=\"widget\" data-widget_type=\"heading.default\">\n\t\t\t\t<div class=\"elementor-widget-container\">\n\t\t\t\t\t<h2 class=\"elementor-heading-title elementor-size-default\">CURR\u00cdCULO\n6\u00ba AO 8\u00ba ANO\n<\/h2>\t\t\t\t<\/div>\n\t\t\t\t<\/div>\n\t\t\t\t<div class=\"elementor-element elementor-element-be0d4d1 elementor-widget elementor-widget-text-editor\" data-id=\"be0d4d1\" data-element_type=\"widget\" data-e-type=\"widget\" data-widget_type=\"text-editor.default\">\n\t\t\t\t<div class=\"elementor-widget-container\">\n\t\t\t\t\t\t\t\t\t<h5 style=\"text-align: center; line-height: 16.8pt;\" align=\"center\">4 Volumes Bimestrais<br \/><br \/>Ci\u00eancias<br \/>Geografia<br \/>Hist\u00f3ria<br \/>Matem\u00e1tica<br \/>Portugu\u00eas<br \/>Artes<\/h5><h5 align=\"center\">Volumes Anuais<br \/>Ingl\u00eas<br \/>Matem\u00e1tica B\u00e1sica<br \/>Espanhol\u00a0<br \/>Filosofia<\/h5>\t\t\t\t\t\t\t\t<\/div>\n\t\t\t\t<\/div>\n\t\t\t\t\t<\/div>\n\t\t<\/div>\n\t\t\t\t<div class=\"elementor-column elementor-col-50 elementor-top-column elementor-element elementor-element-026598d\" data-id=\"026598d\" data-element_type=\"column\" data-e-type=\"column\">\n\t\t\t<div class=\"elementor-widget-wrap elementor-element-populated\">\n\t\t\t\t\t\t<div class=\"elementor-element elementor-element-cada797 elementor-widget elementor-widget-heading\" data-id=\"cada797\" data-element_type=\"widget\" data-e-type=\"widget\" data-widget_type=\"heading.default\">\n\t\t\t\t<div class=\"elementor-widget-container\">\n\t\t\t\t\t<h2 class=\"elementor-heading-title elementor-size-default\">9\u00ba ANO\n<\/h2>\t\t\t\t<\/div>\n\t\t\t\t<\/div>\n\t\t\t\t<div class=\"elementor-element elementor-element-f5c73e0 elementor-widget elementor-widget-text-editor\" data-id=\"f5c73e0\" data-element_type=\"widget\" data-e-type=\"widget\" data-widget_type=\"text-editor.default\">\n\t\t\t\t<div class=\"elementor-widget-container\">\n\t\t\t\t\t\t\t\t\t<h5 style=\"text-align: center; line-height: 16.8pt;\" align=\"center\">4 Volumes Bimestrais<br \/><br \/>Artes<br \/>Geografia<br \/>Hist\u00f3ria<br \/>Matem\u00e1tica<br \/>Portugu\u00eas<br \/><br \/>Volumes Anuais<br \/>Artes<br \/>Biologia<br \/>Espanhol<br \/>Filosofia<br \/>F\u00edsica<br \/>Ingl\u00eas<br \/>Literatura<br \/>Qu\u00edmica<br \/><br \/>Extras<br \/>Os materiais paradid\u00e1ticos<\/h5><p>\u00a0<\/p>\t\t\t\t\t\t\t\t<\/div>\n\t\t\t\t<\/div>\n\t\t\t\t\t<\/div>\n\t\t<\/div>\n\t\t\t\t\t<\/div>\n\t\t<\/section>\n\t\t\t\t<\/div>\n\t\t","protected":false},"excerpt":{"rendered":"<p>ENSINO FUNDAMENTAL II \u2013 ANOS FINAIS Lideran\u00e7a muito al\u00e9m dos desafios Com os anos, vem a expans\u00e3o de horizontes. Por isso, para o Ensino Fundamental \u2013 Anos Finais preparamos os alunos para o desenvolvimento, a sociedade e o mundo. Nossos materiais para os alunos de 6\u00ba a 9\u00ba ano promovem o desenvolvimento de compet\u00eancias cognitivas [&hellip;]<\/p>\n","protected":false},"author":1,"featured_media":0,"parent":0,"menu_order":0,"comment_status":"closed","ping_status":"closed","template":"","meta":{"footnotes":""},"class_list":["post-7956","page","type-page","status-publish","hentry","entry"],"_links":{"self":[{"href":"https:\/\/colegiojoaoherman.com.br\/index.php?rest_route=\/wp\/v2\/pages\/7956","targetHints":{"allow":["GET"]}}],"collection":[{"href":"https:\/\/colegiojoaoherman.com.br\/index.php?rest_route=\/wp\/v2\/pages"}],"about":[{"href":"https:\/\/colegiojoaoherman.com.br\/index.php?rest_route=\/wp\/v2\/types\/page"}],"author":[{"embeddable":true,"href":"https:\/\/colegiojoaoherman.com.br\/index.php?rest_route=\/wp\/v2\/users\/1"}],"replies":[{"embeddable":true,"href":"https:\/\/colegiojoaoherman.com.br\/index.php?rest_route=%2Fwp%2Fv2%2Fcomments&post=7956"}],"version-history":[{"count":18,"href":"https:\/\/colegiojoaoherman.com.br\/index.php?rest_route=\/wp\/v2\/pages\/7956\/revisions"}],"predecessor-version":[{"id":12772,"href":"https:\/\/colegiojoaoherman.com.br\/index.php?rest_route=\/wp\/v2\/pages\/7956\/revisions\/12772"}],"wp:attachment":[{"href":"https:\/\/colegiojoaoherman.com.br\/index.php?rest_route=%2Fwp%2Fv2%2Fmedia&parent=7956"}],"curies":[{"name":"wp","href":"https:\/\/api.w.org\/{rel}","templated":true}]}}