{"id":7991,"date":"2020-08-28T22:40:03","date_gmt":"2020-08-29T01:40:03","guid":{"rendered":"https:\/\/colegiojoaoherman.com.br\/?page_id=7991"},"modified":"2022-04-22T18:41:38","modified_gmt":"2022-04-22T21:41:38","slug":"matriculasjh","status":"publish","type":"page","link":"https:\/\/colegiojoaoherman.com.br\/?page_id=7991","title":{"rendered":"MATR\u00cdCULAS"},"content":{"rendered":"\t\t<div data-elementor-type=\"wp-page\" data-elementor-id=\"7991\" class=\"elementor elementor-7991\">\n\t\t\t\t\t\t<section class=\"elementor-section elementor-top-section elementor-element elementor-element-408118cc elementor-section-stretched elementor-section-full_width elementor-section-height-default elementor-section-height-default\" data-id=\"408118cc\" data-element_type=\"section\" data-e-type=\"section\" data-settings=\"{&quot;stretch_section&quot;:&quot;section-stretched&quot;,&quot;background_background&quot;:&quot;classic&quot;,&quot;shape_divider_top&quot;:&quot;waves&quot;,&quot;shape_divider_bottom&quot;:&quot;waves&quot;}\">\n\t\t\t\t\t<div class=\"elementor-shape elementor-shape-top\" aria-hidden=\"true\" data-negative=\"false\">\n\t\t\t<svg xmlns=\"http:\/\/www.w3.org\/2000\/svg\" viewBox=\"0 0 1000 100\" preserveAspectRatio=\"none\">\n\t<path class=\"elementor-shape-fill\" d=\"M421.9,6.5c22.6-2.5,51.5,0.4,75.5,5.3c23.6,4.9,70.9,23.5,100.5,35.7c75.8,32.2,133.7,44.5,192.6,49.7\n\tc23.6,2.1,48.7,3.5,103.4-2.5c54.7-6,106.2-25.6,106.2-25.6V0H0v30.3c0,0,72,32.6,158.4,30.5c39.2-0.7,92.8-6.7,134-22.4\n\tc21.2-8.1,52.2-18.2,79.7-24.2C399.3,7.9,411.6,7.5,421.9,6.5z\"\/>\n<\/svg>\t\t<\/div>\n\t\t\t\t<div class=\"elementor-shape elementor-shape-bottom\" aria-hidden=\"true\" data-negative=\"false\">\n\t\t\t<svg xmlns=\"http:\/\/www.w3.org\/2000\/svg\" viewBox=\"0 0 1000 100\" preserveAspectRatio=\"none\">\n\t<path class=\"elementor-shape-fill\" d=\"M421.9,6.5c22.6-2.5,51.5,0.4,75.5,5.3c23.6,4.9,70.9,23.5,100.5,35.7c75.8,32.2,133.7,44.5,192.6,49.7\n\tc23.6,2.1,48.7,3.5,103.4-2.5c54.7-6,106.2-25.6,106.2-25.6V0H0v30.3c0,0,72,32.6,158.4,30.5c39.2-0.7,92.8-6.7,134-22.4\n\tc21.2-8.1,52.2-18.2,79.7-24.2C399.3,7.9,411.6,7.5,421.9,6.5z\"\/>\n<\/svg>\t\t<\/div>\n\t\t\t\t\t<div class=\"elementor-container elementor-column-gap-default\">\n\t\t\t\t\t<div class=\"elementor-column elementor-col-100 elementor-top-column elementor-element elementor-element-1c48b7d9\" data-id=\"1c48b7d9\" data-element_type=\"column\" data-e-type=\"column\">\n\t\t\t<div class=\"elementor-widget-wrap\">\n\t\t\t\t\t\t\t<\/div>\n\t\t<\/div>\n\t\t\t\t\t<\/div>\n\t\t<\/section>\n\t\t\t\t<section class=\"elementor-section elementor-top-section elementor-element elementor-element-3f0a29ba elementor-section-boxed elementor-section-height-default elementor-section-height-default\" data-id=\"3f0a29ba\" data-element_type=\"section\" data-e-type=\"section\">\n\t\t\t\t\t\t<div class=\"elementor-container elementor-column-gap-default\">\n\t\t\t\t\t<div class=\"elementor-column elementor-col-100 elementor-top-column elementor-element elementor-element-1bb29761\" data-id=\"1bb29761\" data-element_type=\"column\" data-e-type=\"column\">\n\t\t\t<div class=\"elementor-widget-wrap elementor-element-populated\">\n\t\t\t\t\t\t<div class=\"elementor-element elementor-element-8b0caff elementor-widget elementor-widget-spacer\" data-id=\"8b0caff\" data-element_type=\"widget\" data-e-type=\"widget\" data-widget_type=\"spacer.default\">\n\t\t\t\t<div class=\"elementor-widget-container\">\n\t\t\t\t\t\t\t<div class=\"elementor-spacer\">\n\t\t\t<div class=\"elementor-spacer-inner\"><\/div>\n\t\t<\/div>\n\t\t\t\t\t\t<\/div>\n\t\t\t\t<\/div>\n\t\t\t\t<div class=\"elementor-element elementor-element-309e6ff elementor-widget elementor-widget-heading\" data-id=\"309e6ff\" data-element_type=\"widget\" data-e-type=\"widget\" data-widget_type=\"heading.default\">\n\t\t\t\t<div class=\"elementor-widget-container\">\n\t\t\t\t\t<h6 class=\"elementor-heading-title elementor-size-small\">MATR\u00cdCULAS<\/h6>\t\t\t\t<\/div>\n\t\t\t\t<\/div>\n\t\t\t\t\t<\/div>\n\t\t<\/div>\n\t\t\t\t\t<\/div>\n\t\t<\/section>\n\t\t\t\t<section class=\"elementor-section elementor-top-section elementor-element elementor-element-32c3e72e elementor-section-boxed elementor-section-height-default elementor-section-height-default\" data-id=\"32c3e72e\" data-element_type=\"section\" data-e-type=\"section\">\n\t\t\t\t\t\t<div class=\"elementor-container elementor-column-gap-default\">\n\t\t\t\t\t<div class=\"elementor-column elementor-col-100 elementor-top-column elementor-element elementor-element-3e7b25a2\" data-id=\"3e7b25a2\" data-element_type=\"column\" data-e-type=\"column\">\n\t\t\t<div class=\"elementor-widget-wrap elementor-element-populated\">\n\t\t\t\t\t\t<div class=\"elementor-element elementor-element-78db2f99 elementor-widget elementor-widget-spacer\" data-id=\"78db2f99\" data-element_type=\"widget\" data-e-type=\"widget\" data-widget_type=\"spacer.default\">\n\t\t\t\t<div class=\"elementor-widget-container\">\n\t\t\t\t\t\t\t<div class=\"elementor-spacer\">\n\t\t\t<div class=\"elementor-spacer-inner\"><\/div>\n\t\t<\/div>\n\t\t\t\t\t\t<\/div>\n\t\t\t\t<\/div>\n\t\t\t\t<div class=\"elementor-element elementor-element-1f4d514 elementor-widget elementor-widget-text-editor\" data-id=\"1f4d514\" data-element_type=\"widget\" data-e-type=\"widget\" data-widget_type=\"text-editor.default\">\n\t\t\t\t<div class=\"elementor-widget-container\">\n\t\t\t\t\t\t\t\t\t<p style=\"text-align: center;\"><strong>CAMPANHA DE MATR\u00cdCULA<\/strong><\/p><h5 style=\"text-align: center; line-height: 16.8pt;\" align=\"center\">De Outubro \u00e0 Janeiro.<\/h5>\t\t\t\t\t\t\t\t<\/div>\n\t\t\t\t<\/div>\n\t\t\t\t<div class=\"elementor-element elementor-element-470f0a3 elementor-widget elementor-widget-text-editor\" data-id=\"470f0a3\" data-element_type=\"widget\" data-e-type=\"widget\" data-widget_type=\"text-editor.default\">\n\t\t\t\t<div class=\"elementor-widget-container\">\n\t\t\t\t\t\t\t\t\t<p style=\"text-align: center;\"><strong>PER\u00cdODO DE MATR\u00cdCULA<\/strong><\/p><h5 style=\"text-align: center; line-height: 16.8pt;\" align=\"center\">Durante todo o ano.<\/h5>\t\t\t\t\t\t\t\t<\/div>\n\t\t\t\t<\/div>\n\t\t\t\t<div class=\"elementor-element elementor-element-a66a830 elementor-widget elementor-widget-text-editor\" data-id=\"a66a830\" data-element_type=\"widget\" data-e-type=\"widget\" data-widget_type=\"text-editor.default\">\n\t\t\t\t<div class=\"elementor-widget-container\">\n\t\t\t\t\t\t\t\t\t<p style=\"text-align: center;\"><strong>DOCUMENTOS PARA NOVOS ALUNOS<\/strong><\/p><h5 style=\"text-align: center; line-height: 16.8pt;\" align=\"center\">Hist\u00f3rico<br \/>Registro de Nascimento<br \/>Xerox do RG e CPF do ALUNO<br \/>1 foto 3&#215;4<br \/>Xerox do RG e CPF do RESPONS\u00c1VEL<\/h5>\t\t\t\t\t\t\t\t<\/div>\n\t\t\t\t<\/div>\n\t\t\t\t\t<\/div>\n\t\t<\/div>\n\t\t\t\t\t<\/div>\n\t\t<\/section>\n\t\t\t\t<\/div>\n\t\t","protected":false},"excerpt":{"rendered":"<p>MATR\u00cdCULAS CAMPANHA DE MATR\u00cdCULA De Outubro \u00e0 Janeiro. PER\u00cdODO DE MATR\u00cdCULA Durante todo o ano. DOCUMENTOS PARA NOVOS ALUNOS Hist\u00f3ricoRegistro de NascimentoXerox do RG e CPF do ALUNO1 foto 3&#215;4Xerox do RG e CPF do RESPONS\u00c1VEL<\/p>\n","protected":false},"author":1,"featured_media":0,"parent":0,"menu_order":0,"comment_status":"closed","ping_status":"closed","template":"","meta":{"footnotes":""},"class_list":["post-7991","page","type-page","status-publish","hentry","entry"],"_links":{"self":[{"href":"https:\/\/colegiojoaoherman.com.br\/index.php?rest_route=\/wp\/v2\/pages\/7991","targetHints":{"allow":["GET"]}}],"collection":[{"href":"https:\/\/colegiojoaoherman.com.br\/index.php?rest_route=\/wp\/v2\/pages"}],"about":[{"href":"https:\/\/colegiojoaoherman.com.br\/index.php?rest_route=\/wp\/v2\/types\/page"}],"author":[{"embeddable":true,"href":"https:\/\/colegiojoaoherman.com.br\/index.php?rest_route=\/wp\/v2\/users\/1"}],"replies":[{"embeddable":true,"href":"https:\/\/colegiojoaoherman.com.br\/index.php?rest_route=%2Fwp%2Fv2%2Fcomments&post=7991"}],"version-history":[{"count":31,"href":"https:\/\/colegiojoaoherman.com.br\/index.php?rest_route=\/wp\/v2\/pages\/7991\/revisions"}],"predecessor-version":[{"id":12826,"href":"https:\/\/colegiojoaoherman.com.br\/index.php?rest_route=\/wp\/v2\/pages\/7991\/revisions\/12826"}],"wp:attachment":[{"href":"https:\/\/colegiojoaoherman.com.br\/index.php?rest_route=%2Fwp%2Fv2%2Fmedia&parent=7991"}],"curies":[{"name":"wp","href":"https:\/\/api.w.org\/{rel}","templated":true}]}}