{"id":8200,"date":"2021-09-02T20:08:47","date_gmt":"2021-09-02T23:08:47","guid":{"rendered":"https:\/\/colegiojoaoherman.com.br\/?page_id=8200"},"modified":"2022-04-20T23:49:36","modified_gmt":"2022-04-21T02:49:36","slug":"noticiascjh","status":"publish","type":"page","link":"https:\/\/colegiojoaoherman.com.br\/?page_id=8200","title":{"rendered":"noticias"},"content":{"rendered":"\t\t<div data-elementor-type=\"wp-page\" data-elementor-id=\"8200\" class=\"elementor elementor-8200\">\n\t\t\t\t\t\t<section class=\"elementor-section elementor-top-section elementor-element elementor-element-13796c2c elementor-section-boxed elementor-section-height-default elementor-section-height-default\" data-id=\"13796c2c\" data-element_type=\"section\" data-e-type=\"section\">\n\t\t\t\t\t\t<div class=\"elementor-container elementor-column-gap-default\">\n\t\t\t\t\t<div class=\"elementor-column elementor-col-100 elementor-top-column elementor-element elementor-element-1cc264c2\" data-id=\"1cc264c2\" data-element_type=\"column\" data-e-type=\"column\">\n\t\t\t<div class=\"elementor-widget-wrap elementor-element-populated\">\n\t\t\t\t\t\t<div class=\"elementor-element elementor-element-e9c6a47 elementor-widget elementor-widget-spacer\" data-id=\"e9c6a47\" data-element_type=\"widget\" data-e-type=\"widget\" data-widget_type=\"spacer.default\">\n\t\t\t\t<div class=\"elementor-widget-container\">\n\t\t\t\t\t\t\t<div class=\"elementor-spacer\">\n\t\t\t<div class=\"elementor-spacer-inner\"><\/div>\n\t\t<\/div>\n\t\t\t\t\t\t<\/div>\n\t\t\t\t<\/div>\n\t\t\t\t<div class=\"elementor-element elementor-element-47736ad elementor-widget elementor-widget-heading\" data-id=\"47736ad\" data-element_type=\"widget\" data-e-type=\"widget\" data-widget_type=\"heading.default\">\n\t\t\t\t<div class=\"elementor-widget-container\">\n\t\t\t\t\t<h6 class=\"elementor-heading-title elementor-size-small\">NOT\u00cdCIAS<\/h6>\t\t\t\t<\/div>\n\t\t\t\t<\/div>\n\t\t\t\t<div class=\"elementor-element elementor-element-5c41fdd elementor-widget elementor-widget-spacer\" data-id=\"5c41fdd\" data-element_type=\"widget\" data-e-type=\"widget\" data-widget_type=\"spacer.default\">\n\t\t\t\t<div class=\"elementor-widget-container\">\n\t\t\t\t\t\t\t<div class=\"elementor-spacer\">\n\t\t\t<div class=\"elementor-spacer-inner\"><\/div>\n\t\t<\/div>\n\t\t\t\t\t\t<\/div>\n\t\t\t\t<\/div>\n\t\t\t\t\t<\/div>\n\t\t<\/div>\n\t\t\t\t\t<\/div>\n\t\t<\/section>\n\t\t\t\t<section class=\"elementor-section elementor-top-section elementor-element elementor-element-5975f69c elementor-section-boxed elementor-section-height-default elementor-section-height-default\" data-id=\"5975f69c\" data-element_type=\"section\" data-e-type=\"section\">\n\t\t\t\t\t\t<div class=\"elementor-container elementor-column-gap-default\">\n\t\t\t\t\t<div class=\"elementor-column elementor-col-100 elementor-top-column elementor-element elementor-element-644f2ae9\" data-id=\"644f2ae9\" data-element_type=\"column\" data-e-type=\"column\">\n\t\t\t<div class=\"elementor-widget-wrap elementor-element-populated\">\n\t\t\t\t\t\t<div class=\"elementor-element elementor-element-196629c elementor-grid-3 elementor-grid-tablet-2 elementor-grid-mobile-1 elementor-posts--thumbnail-top elementor-card-shadow-yes elementor-posts__hover-gradient elementor-widget elementor-widget-posts\" data-id=\"196629c\" data-element_type=\"widget\" data-e-type=\"widget\" data-settings=\"{&quot;pagination_type&quot;:&quot;numbers_and_prev_next&quot;,&quot;cards_columns&quot;:&quot;3&quot;,&quot;cards_columns_tablet&quot;:&quot;2&quot;,&quot;cards_columns_mobile&quot;:&quot;1&quot;,&quot;cards_row_gap&quot;:{&quot;unit&quot;:&quot;px&quot;,&quot;size&quot;:35,&quot;sizes&quot;:[]},&quot;cards_row_gap_tablet&quot;:{&quot;unit&quot;:&quot;px&quot;,&quot;size&quot;:&quot;&quot;,&quot;sizes&quot;:[]},&quot;cards_row_gap_mobile&quot;:{&quot;unit&quot;:&quot;px&quot;,&quot;size&quot;:&quot;&quot;,&quot;sizes&quot;:[]}}\" data-widget_type=\"posts.cards\">\n\t\t\t\t<div class=\"elementor-widget-container\">\n\t\t\t\t\t\t\t<div class=\"elementor-posts-container elementor-posts elementor-posts--skin-cards elementor-grid\">\n\t\t\t\t<article class=\"elementor-post elementor-grid-item post-18016 post type-post status-publish format-standard has-post-thumbnail hentry category-galerias entry has-media\">\n\t\t\t<div class=\"elementor-post__card\">\n\t\t\t\t<a class=\"elementor-post__thumbnail__link\" href=\"https:\/\/colegiojoaoherman.com.br\/?p=18016\" ><div class=\"elementor-post__thumbnail\"><img fetchpriority=\"high\" decoding=\"async\" width=\"770\" height=\"460\" src=\"https:\/\/colegiojoaoherman.com.br\/wp-content\/uploads\/2026\/02\/WhatsApp-Image-2026-02-12-at-20.29.07-e1771585703661-770x460.jpeg\" class=\"attachment-medium size-medium wp-image-18009\" alt=\"\" srcset=\"https:\/\/colegiojoaoherman.com.br\/wp-content\/uploads\/2026\/02\/WhatsApp-Image-2026-02-12-at-20.29.07-e1771585703661-770x460.jpeg 770w, https:\/\/colegiojoaoherman.com.br\/wp-content\/uploads\/2026\/02\/WhatsApp-Image-2026-02-12-at-20.29.07-e1771585703661-1170x700.jpeg 1170w\" sizes=\"(max-width: 770px) 100vw, 770px\" \/><\/div><\/a>\n\t\t\t\t<div class=\"elementor-post__text\">\n\t\t\t\t<h3 class=\"elementor-post__title\">\n\t\t\t<a href=\"https:\/\/colegiojoaoherman.com.br\/?p=18016\" >\n\t\t\t\tCarnaval Herman Folia 2026\t\t\t<\/a>\n\t\t<\/h3>\n\t\t\t\t<\/div>\n\t\t\t\t<div class=\"elementor-post__meta-data\">\n\t\t\t\t\t<span class=\"elementor-post-date\">\n\t\t\t20 de fevereiro de 2026\t\t<\/span>\n\t\t\t\t<\/div>\n\t\t\t\t\t<\/div>\n\t\t<\/article>\n\t\t\t\t<article class=\"elementor-post elementor-grid-item post-17953 post type-post status-publish format-standard has-post-thumbnail hentry category-galerias entry has-media\">\n\t\t\t<div class=\"elementor-post__card\">\n\t\t\t\t<a class=\"elementor-post__thumbnail__link\" href=\"https:\/\/colegiojoaoherman.com.br\/?p=17953\" ><div class=\"elementor-post__thumbnail\"><img decoding=\"async\" width=\"770\" height=\"460\" src=\"https:\/\/colegiojoaoherman.com.br\/wp-content\/uploads\/2025\/11\/WhatsApp-Image-2025-08-15-at-16.35.59-26-770x460.jpeg\" class=\"attachment-medium size-medium wp-image-17991\" alt=\"\" \/><\/div><\/a>\n\t\t\t\t<div class=\"elementor-post__text\">\n\t\t\t\t<h3 class=\"elementor-post__title\">\n\t\t\t<a href=\"https:\/\/colegiojoaoherman.com.br\/?p=17953\" >\n\t\t\t\tCopa Herman 2025\t\t\t<\/a>\n\t\t<\/h3>\n\t\t\t\t<\/div>\n\t\t\t\t<div class=\"elementor-post__meta-data\">\n\t\t\t\t\t<span class=\"elementor-post-date\">\n\t\t\t26 de novembro de 2025\t\t<\/span>\n\t\t\t\t<\/div>\n\t\t\t\t\t<\/div>\n\t\t<\/article>\n\t\t\t\t<article class=\"elementor-post elementor-grid-item post-17930 post type-post status-publish format-standard has-post-thumbnail hentry category-galerias entry has-media\">\n\t\t\t<div class=\"elementor-post__card\">\n\t\t\t\t<a class=\"elementor-post__thumbnail__link\" href=\"https:\/\/colegiojoaoherman.com.br\/?p=17930\" ><div class=\"elementor-post__thumbnail\"><img decoding=\"async\" width=\"770\" height=\"460\" src=\"https:\/\/colegiojoaoherman.com.br\/wp-content\/uploads\/2025\/11\/WhatsApp-Image-2025-10-30-at-08.48.23-3-770x460.jpeg\" class=\"attachment-medium size-medium wp-image-17932\" alt=\"\" \/><\/div><\/a>\n\t\t\t\t<div class=\"elementor-post__text\">\n\t\t\t\t<h3 class=\"elementor-post__title\">\n\t\t\t<a href=\"https:\/\/colegiojoaoherman.com.br\/?p=17930\" >\n\t\t\t\tCelebra\u00e7\u00e3o a Nossa Senhora da Concei\u00e7\u00e3o\t\t\t<\/a>\n\t\t<\/h3>\n\t\t\t\t<\/div>\n\t\t\t\t<div class=\"elementor-post__meta-data\">\n\t\t\t\t\t<span class=\"elementor-post-date\">\n\t\t\t26 de novembro de 2025\t\t<\/span>\n\t\t\t\t<\/div>\n\t\t\t\t\t<\/div>\n\t\t<\/article>\n\t\t\t\t<article class=\"elementor-post elementor-grid-item post-17855 post type-post status-publish format-standard has-post-thumbnail hentry category-sem-categoria entry has-media\">\n\t\t\t<div class=\"elementor-post__card\">\n\t\t\t\t<a class=\"elementor-post__thumbnail__link\" href=\"https:\/\/colegiojoaoherman.com.br\/?p=17855\" ><div class=\"elementor-post__thumbnail\"><img loading=\"lazy\" decoding=\"async\" width=\"770\" height=\"460\" src=\"https:\/\/colegiojoaoherman.com.br\/wp-content\/uploads\/2025\/11\/WhatsApp-Image-2025-08-15-at-16.35.59-770x460.jpeg\" class=\"attachment-medium size-medium wp-image-17906\" alt=\"\" \/><\/div><\/a>\n\t\t\t\t<div class=\"elementor-post__text\">\n\t\t\t\t<h3 class=\"elementor-post__title\">\n\t\t\t<a href=\"https:\/\/colegiojoaoherman.com.br\/?p=17855\" >\n\t\t\t\tCOPA HERMAN 2025\t\t\t<\/a>\n\t\t<\/h3>\n\t\t\t\t<\/div>\n\t\t\t\t<div class=\"elementor-post__meta-data\">\n\t\t\t\t\t<span class=\"elementor-post-date\">\n\t\t\t26 de novembro de 2025\t\t<\/span>\n\t\t\t\t<\/div>\n\t\t\t\t\t<\/div>\n\t\t<\/article>\n\t\t\t\t<article class=\"elementor-post elementor-grid-item post-17818 post type-post status-publish format-standard has-post-thumbnail hentry category-galerias entry has-media\">\n\t\t\t<div class=\"elementor-post__card\">\n\t\t\t\t<a class=\"elementor-post__thumbnail__link\" href=\"https:\/\/colegiojoaoherman.com.br\/?p=17818\" ><div class=\"elementor-post__thumbnail\"><img loading=\"lazy\" decoding=\"async\" width=\"770\" height=\"460\" src=\"https:\/\/colegiojoaoherman.com.br\/wp-content\/uploads\/2025\/09\/WhatsApp-Image-2025-09-05-at-10.21.57-770x460.jpeg\" class=\"attachment-medium size-medium wp-image-17841\" alt=\"\" srcset=\"https:\/\/colegiojoaoherman.com.br\/wp-content\/uploads\/2025\/09\/WhatsApp-Image-2025-09-05-at-10.21.57-770x460.jpeg 770w, https:\/\/colegiojoaoherman.com.br\/wp-content\/uploads\/2025\/09\/WhatsApp-Image-2025-09-05-at-10.21.57-1170x700.jpeg 1170w\" sizes=\"(max-width: 770px) 100vw, 770px\" \/><\/div><\/a>\n\t\t\t\t<div class=\"elementor-post__text\">\n\t\t\t\t<h3 class=\"elementor-post__title\">\n\t\t\t<a href=\"https:\/\/colegiojoaoherman.com.br\/?p=17818\" >\n\t\t\t\t7 de setembro de 2025\t\t\t<\/a>\n\t\t<\/h3>\n\t\t\t\t<\/div>\n\t\t\t\t<div class=\"elementor-post__meta-data\">\n\t\t\t\t\t<span class=\"elementor-post-date\">\n\t\t\t9 de setembro de 2025\t\t<\/span>\n\t\t\t\t<\/div>\n\t\t\t\t\t<\/div>\n\t\t<\/article>\n\t\t\t\t<article class=\"elementor-post elementor-grid-item post-17808 post type-post status-publish format-standard has-post-thumbnail hentry category-galerias entry has-media\">\n\t\t\t<div class=\"elementor-post__card\">\n\t\t\t\t<a class=\"elementor-post__thumbnail__link\" href=\"https:\/\/colegiojoaoherman.com.br\/?p=17808\" ><div class=\"elementor-post__thumbnail\"><img loading=\"lazy\" decoding=\"async\" width=\"770\" height=\"460\" src=\"https:\/\/colegiojoaoherman.com.br\/wp-content\/uploads\/2025\/08\/WhatsApp-Image-2025-08-22-at-07.58.19-2-770x460.jpeg\" class=\"attachment-medium size-medium wp-image-17811\" alt=\"\" srcset=\"https:\/\/colegiojoaoherman.com.br\/wp-content\/uploads\/2025\/08\/WhatsApp-Image-2025-08-22-at-07.58.19-2-770x460.jpeg 770w, https:\/\/colegiojoaoherman.com.br\/wp-content\/uploads\/2025\/08\/WhatsApp-Image-2025-08-22-at-07.58.19-2-1170x700.jpeg 1170w\" sizes=\"(max-width: 770px) 100vw, 770px\" \/><\/div><\/a>\n\t\t\t\t<div class=\"elementor-post__text\">\n\t\t\t\t<h3 class=\"elementor-post__title\">\n\t\t\t<a href=\"https:\/\/colegiojoaoherman.com.br\/?p=17808\" >\n\t\t\t\tDia do Folclore Brasileiro 2025\t\t\t<\/a>\n\t\t<\/h3>\n\t\t\t\t<\/div>\n\t\t\t\t<div class=\"elementor-post__meta-data\">\n\t\t\t\t\t<span class=\"elementor-post-date\">\n\t\t\t22 de agosto de 2025\t\t<\/span>\n\t\t\t\t<\/div>\n\t\t\t\t\t<\/div>\n\t\t<\/article>\n\t\t\t\t<article class=\"elementor-post elementor-grid-item post-17785 post type-post status-publish format-standard has-post-thumbnail hentry category-galerias entry has-media\">\n\t\t\t<div class=\"elementor-post__card\">\n\t\t\t\t<a class=\"elementor-post__thumbnail__link\" href=\"https:\/\/colegiojoaoherman.com.br\/?p=17785\" ><div class=\"elementor-post__thumbnail\"><img loading=\"lazy\" decoding=\"async\" width=\"770\" height=\"460\" src=\"https:\/\/colegiojoaoherman.com.br\/wp-content\/uploads\/2025\/08\/WhatsApp-Image-2025-08-11-at-11.35.06-1-770x460.jpeg\" class=\"attachment-medium size-medium wp-image-17793\" alt=\"\" \/><\/div><\/a>\n\t\t\t\t<div class=\"elementor-post__text\">\n\t\t\t\t<h3 class=\"elementor-post__title\">\n\t\t\t<a href=\"https:\/\/colegiojoaoherman.com.br\/?p=17785\" >\n\t\t\t\tFeliz dia do Estudante 2025!\t\t\t<\/a>\n\t\t<\/h3>\n\t\t\t\t<\/div>\n\t\t\t\t<div class=\"elementor-post__meta-data\">\n\t\t\t\t\t<span class=\"elementor-post-date\">\n\t\t\t11 de agosto de 2025\t\t<\/span>\n\t\t\t\t<\/div>\n\t\t\t\t\t<\/div>\n\t\t<\/article>\n\t\t\t\t<article class=\"elementor-post elementor-grid-item post-17765 post type-post status-publish format-standard has-post-thumbnail hentry category-galerias entry has-media\">\n\t\t\t<div class=\"elementor-post__card\">\n\t\t\t\t<a class=\"elementor-post__thumbnail__link\" href=\"https:\/\/colegiojoaoherman.com.br\/?p=17765\" ><div class=\"elementor-post__thumbnail\"><img loading=\"lazy\" decoding=\"async\" width=\"770\" height=\"460\" src=\"https:\/\/colegiojoaoherman.com.br\/wp-content\/uploads\/2025\/08\/Dia-de-muita-emocao-para-os-papais-com-as-homenagens-de-seus-filhos-1-770x460.jpg\" class=\"attachment-medium size-medium wp-image-17774\" alt=\"\" \/><\/div><\/a>\n\t\t\t\t<div class=\"elementor-post__text\">\n\t\t\t\t<h3 class=\"elementor-post__title\">\n\t\t\t<a href=\"https:\/\/colegiojoaoherman.com.br\/?p=17765\" >\n\t\t\t\tFeliz dia dos pais 2025!\t\t\t<\/a>\n\t\t<\/h3>\n\t\t\t\t<\/div>\n\t\t\t\t<div class=\"elementor-post__meta-data\">\n\t\t\t\t\t<span class=\"elementor-post-date\">\n\t\t\t11 de agosto de 2025\t\t<\/span>\n\t\t\t\t<\/div>\n\t\t\t\t\t<\/div>\n\t\t<\/article>\n\t\t\t\t<article class=\"elementor-post elementor-grid-item post-17557 post type-post status-publish format-standard has-post-thumbnail hentry category-galerias category-sem-categoria entry has-media\">\n\t\t\t<div class=\"elementor-post__card\">\n\t\t\t\t<a class=\"elementor-post__thumbnail__link\" href=\"https:\/\/colegiojoaoherman.com.br\/?p=17557\" ><div class=\"elementor-post__thumbnail\"><img loading=\"lazy\" decoding=\"async\" width=\"770\" height=\"460\" src=\"https:\/\/colegiojoaoherman.com.br\/wp-content\/uploads\/2025\/06\/WhatsApp-Image-2025-06-14-at-18.05.58-770x460.jpeg\" class=\"attachment-medium size-medium wp-image-17711\" alt=\"\" srcset=\"https:\/\/colegiojoaoherman.com.br\/wp-content\/uploads\/2025\/06\/WhatsApp-Image-2025-06-14-at-18.05.58-770x460.jpeg 770w, https:\/\/colegiojoaoherman.com.br\/wp-content\/uploads\/2025\/06\/WhatsApp-Image-2025-06-14-at-18.05.58-1170x700.jpeg 1170w\" sizes=\"(max-width: 770px) 100vw, 770px\" \/><\/div><\/a>\n\t\t\t\t<div class=\"elementor-post__text\">\n\t\t\t\t<h3 class=\"elementor-post__title\">\n\t\t\t<a href=\"https:\/\/colegiojoaoherman.com.br\/?p=17557\" >\n\t\t\t\tS\u00e3o Jo\u00e3o Herman 2025\t\t\t<\/a>\n\t\t<\/h3>\n\t\t\t\t<\/div>\n\t\t\t\t<div class=\"elementor-post__meta-data\">\n\t\t\t\t\t<span class=\"elementor-post-date\">\n\t\t\t30 de junho de 2025\t\t<\/span>\n\t\t\t\t<\/div>\n\t\t\t\t\t<\/div>\n\t\t<\/article>\n\t\t\t\t<\/div>\n\n\n\t\t\n\t\t\t\t<div class=\"e-load-more-anchor\" data-page=\"1\" data-max-page=\"13\" data-next-page=\"https:\/\/colegiojoaoherman.com.br\/index.php?rest_route=%2Fwp%2Fv2%2Fpages%2F8200&#038;paged=2\"><\/div>\n\t\t\t\t<nav class=\"elementor-pagination\" role=\"navigation\" aria-label=\"Pagination\">\n\t\t\t<span class=\"page-numbers prev\">&laquo; Anterior<\/span>\n<span aria-current=\"page\" class=\"page-numbers current\"><span class=\"elementor-screen-only\">Page<\/span>1<\/span>\n<a class=\"page-numbers\" href=\"https:\/\/colegiojoaoherman.com.br\/index.php\/?paged=2&#038;rest_route=%2Fwp%2Fv2%2Fpages%2F8200\"><span class=\"elementor-screen-only\">Page<\/span>2<\/a>\n<a class=\"page-numbers\" href=\"https:\/\/colegiojoaoherman.com.br\/index.php\/?paged=3&#038;rest_route=%2Fwp%2Fv2%2Fpages%2F8200\"><span class=\"elementor-screen-only\">Page<\/span>3<\/a>\n<a class=\"page-numbers\" href=\"https:\/\/colegiojoaoherman.com.br\/index.php\/?paged=4&#038;rest_route=%2Fwp%2Fv2%2Fpages%2F8200\"><span class=\"elementor-screen-only\">Page<\/span>4<\/a>\n<a class=\"page-numbers\" href=\"https:\/\/colegiojoaoherman.com.br\/index.php\/?paged=5&#038;rest_route=%2Fwp%2Fv2%2Fpages%2F8200\"><span class=\"elementor-screen-only\">Page<\/span>5<\/a>\n<a class=\"page-numbers next\" href=\"https:\/\/colegiojoaoherman.com.br\/index.php?rest_route=%2Fwp%2Fv2%2Fpages%2F8200&#038;paged=2\">Pr\u00f3ximo &raquo;<\/a>\t\t<\/nav>\n\t\t\t\t\t\t<\/div>\n\t\t\t\t<\/div>\n\t\t\t\t<div class=\"elementor-element elementor-element-4943da70 elementor-widget elementor-widget-spacer\" data-id=\"4943da70\" data-element_type=\"widget\" data-e-type=\"widget\" data-widget_type=\"spacer.default\">\n\t\t\t\t<div class=\"elementor-widget-container\">\n\t\t\t\t\t\t\t<div class=\"elementor-spacer\">\n\t\t\t<div class=\"elementor-spacer-inner\"><\/div>\n\t\t<\/div>\n\t\t\t\t\t\t<\/div>\n\t\t\t\t<\/div>\n\t\t\t\t\t<\/div>\n\t\t<\/div>\n\t\t\t\t\t<\/div>\n\t\t<\/section>\n\t\t\t\t<\/div>\n\t\t","protected":false},"excerpt":{"rendered":"<p>NOT\u00cdCIAS<\/p>\n","protected":false},"author":1,"featured_media":0,"parent":0,"menu_order":0,"comment_status":"closed","ping_status":"closed","template":"","meta":{"footnotes":""},"class_list":["post-8200","page","type-page","status-publish","hentry","entry","has-media"],"_links":{"self":[{"href":"https:\/\/colegiojoaoherman.com.br\/index.php?rest_route=\/wp\/v2\/pages\/8200","targetHints":{"allow":["GET"]}}],"collection":[{"href":"https:\/\/colegiojoaoherman.com.br\/index.php?rest_route=\/wp\/v2\/pages"}],"about":[{"href":"https:\/\/colegiojoaoherman.com.br\/index.php?rest_route=\/wp\/v2\/types\/page"}],"author":[{"embeddable":true,"href":"https:\/\/colegiojoaoherman.com.br\/index.php?rest_route=\/wp\/v2\/users\/1"}],"replies":[{"embeddable":true,"href":"https:\/\/colegiojoaoherman.com.br\/index.php?rest_route=%2Fwp%2Fv2%2Fcomments&post=8200"}],"version-history":[{"count":7,"href":"https:\/\/colegiojoaoherman.com.br\/index.php?rest_route=\/wp\/v2\/pages\/8200\/revisions"}],"predecessor-version":[{"id":12658,"href":"https:\/\/colegiojoaoherman.com.br\/index.php?rest_route=\/wp\/v2\/pages\/8200\/revisions\/12658"}],"wp:attachment":[{"href":"https:\/\/colegiojoaoherman.com.br\/index.php?rest_route=%2Fwp%2Fv2%2Fmedia&parent=8200"}],"curies":[{"name":"wp","href":"https:\/\/api.w.org\/{rel}","templated":true}]}}