{"id":8417,"date":"2021-11-12T15:23:07","date_gmt":"2021-11-12T17:23:07","guid":{"rendered":"https:\/\/colegiojoaoherman.com.br\/?page_id=8417"},"modified":"2022-04-25T08:36:50","modified_gmt":"2022-04-25T11:36:50","slug":"diferenciais","status":"publish","type":"page","link":"https:\/\/colegiojoaoherman.com.br\/?page_id=8417","title":{"rendered":"Diferenciais"},"content":{"rendered":"\t\t<div data-elementor-type=\"wp-page\" data-elementor-id=\"8417\" class=\"elementor elementor-8417\">\n\t\t\t\t\t\t<section class=\"elementor-section elementor-top-section elementor-element elementor-element-907affa elementor-section-stretched elementor-section-full_width elementor-section-height-default elementor-section-height-default\" data-id=\"907affa\" data-element_type=\"section\" data-e-type=\"section\" data-settings=\"{&quot;stretch_section&quot;:&quot;section-stretched&quot;,&quot;background_background&quot;:&quot;classic&quot;,&quot;shape_divider_top&quot;:&quot;triangle-asymmetrical&quot;,&quot;shape_divider_bottom&quot;:&quot;triangle-asymmetrical&quot;}\">\n\t\t\t\t\t<div class=\"elementor-shape elementor-shape-top\" aria-hidden=\"true\" data-negative=\"false\">\n\t\t\t<svg xmlns=\"http:\/\/www.w3.org\/2000\/svg\" viewBox=\"0 0 1000 100\" preserveAspectRatio=\"none\">\n\t<path class=\"elementor-shape-fill\" d=\"M738,99l262-93V0H0v5.6L738,99z\"\/>\n<\/svg>\t\t<\/div>\n\t\t\t\t<div class=\"elementor-shape elementor-shape-bottom\" aria-hidden=\"true\" data-negative=\"false\">\n\t\t\t<svg xmlns=\"http:\/\/www.w3.org\/2000\/svg\" viewBox=\"0 0 1000 100\" preserveAspectRatio=\"none\">\n\t<path class=\"elementor-shape-fill\" d=\"M738,99l262-93V0H0v5.6L738,99z\"\/>\n<\/svg>\t\t<\/div>\n\t\t\t\t\t<div class=\"elementor-container elementor-column-gap-default\">\n\t\t\t\t\t<div class=\"elementor-column elementor-col-100 elementor-top-column elementor-element elementor-element-1601dd7\" data-id=\"1601dd7\" data-element_type=\"column\" data-e-type=\"column\">\n\t\t\t<div class=\"elementor-widget-wrap\">\n\t\t\t\t\t\t\t<\/div>\n\t\t<\/div>\n\t\t\t\t\t<\/div>\n\t\t<\/section>\n\t\t\t\t<section class=\"elementor-section elementor-top-section elementor-element elementor-element-de82425 elementor-section-boxed elementor-section-height-default elementor-section-height-default\" data-id=\"de82425\" data-element_type=\"section\" data-e-type=\"section\">\n\t\t\t\t\t\t<div class=\"elementor-container elementor-column-gap-default\">\n\t\t\t\t\t<div class=\"elementor-column elementor-col-100 elementor-top-column elementor-element elementor-element-24729f1\" data-id=\"24729f1\" data-element_type=\"column\" data-e-type=\"column\">\n\t\t\t<div class=\"elementor-widget-wrap elementor-element-populated\">\n\t\t\t\t\t\t<div class=\"elementor-element elementor-element-a91f072 elementor-widget elementor-widget-heading\" data-id=\"a91f072\" data-element_type=\"widget\" data-e-type=\"widget\" data-widget_type=\"heading.default\">\n\t\t\t\t<div class=\"elementor-widget-container\">\n\t\t\t\t\t<h6 class=\"elementor-heading-title elementor-size-small\">O COL\u00c9GIO JO\u00c3O HERMAN OFERECE PARA OS ESTUDANTES:<\/h6>\t\t\t\t<\/div>\n\t\t\t\t<\/div>\n\t\t\t\t<div class=\"elementor-element elementor-element-77c08af elementor-widget elementor-widget-spacer\" data-id=\"77c08af\" data-element_type=\"widget\" data-e-type=\"widget\" data-widget_type=\"spacer.default\">\n\t\t\t\t<div class=\"elementor-widget-container\">\n\t\t\t\t\t\t\t<div class=\"elementor-spacer\">\n\t\t\t<div class=\"elementor-spacer-inner\"><\/div>\n\t\t<\/div>\n\t\t\t\t\t\t<\/div>\n\t\t\t\t<\/div>\n\t\t\t\t<div class=\"elementor-element elementor-element-262185a elementor-widget elementor-widget-text-editor\" data-id=\"262185a\" data-element_type=\"widget\" data-e-type=\"widget\" data-widget_type=\"text-editor.default\">\n\t\t\t\t<div class=\"elementor-widget-container\">\n\t\t\t\t\t\t\t\t\t<p style=\"text-align: center;\"><strong>ESTRUTURA<\/strong><\/p><h5 style=\"text-align: center; line-height: 16.8pt;\" align=\"center\">\u2022 Biblioteca climatizada com acervo atualizado e qualificado, com cabines para estudos;<br \/>\u2022 Laborat\u00f3rio de Exatas e Inform\u00e1tica;<br \/>\u2022 Acompanhamento com a Psic\u00f3loga Educacional;<br \/>\u2022 Audit\u00f3rio;<br \/>\u2022 Gin\u00e1sio de Esportes, \u00c1rea Coberta e Espa\u00e7o de Conviv\u00eancia;<br \/>\u2022 Cantina;<br \/>\u2022 Forma\u00e7\u00e3o para vida pessoal e profissional;<\/h5>\t\t\t\t\t\t\t\t<\/div>\n\t\t\t\t<\/div>\n\t\t\t\t<div class=\"elementor-element elementor-element-a3db773 elementor-widget elementor-widget-image\" data-id=\"a3db773\" data-element_type=\"widget\" data-e-type=\"widget\" data-widget_type=\"image.default\">\n\t\t\t\t<div class=\"elementor-widget-container\">\n\t\t\t\t\t\t\t\t\t\t\t\t\t\t\t<img fetchpriority=\"high\" decoding=\"async\" width=\"1170\" height=\"503\" src=\"https:\/\/colegiojoaoherman.com.br\/wp-content\/uploads\/2022\/04\/parceria-de-sucesso-1-1170x503.png\" class=\"attachment-large size-large wp-image-12802\" alt=\"\" \/>\t\t\t\t\t\t\t\t\t\t\t\t\t\t\t<\/div>\n\t\t\t\t<\/div>\n\t\t\t\t<div class=\"elementor-element elementor-element-cc41a15 elementor-widget elementor-widget-text-editor\" data-id=\"cc41a15\" data-element_type=\"widget\" data-e-type=\"widget\" data-widget_type=\"text-editor.default\">\n\t\t\t\t<div class=\"elementor-widget-container\">\n\t\t\t\t\t\t\t\t\t<p style=\"text-align: center;\"><strong>EDUCA\u00c7\u00c3O INFANTIL<\/strong><\/p><h5 style=\"text-align: center; box-sizing: border-box; overflow-wrap: break-word; margin: 0cm 0cm 24.0pt 0cm;\" align=\"center\">\u2022 Projeto Corpo, Arte e Movimento<br style=\"box-sizing: border-box;\" \/>\u2022 Projeto de vida<\/h5>\t\t\t\t\t\t\t\t<\/div>\n\t\t\t\t<\/div>\n\t\t\t\t<div class=\"elementor-element elementor-element-d909556 elementor-widget elementor-widget-text-editor\" data-id=\"d909556\" data-element_type=\"widget\" data-e-type=\"widget\" data-widget_type=\"text-editor.default\">\n\t\t\t\t<div class=\"elementor-widget-container\">\n\t\t\t\t\t\t\t\t\t<p style=\"text-align: center;\"><strong>ENSINO FUNDAMENTAL I<\/strong><\/p><h5 style=\"text-align: center; margin: 0cm 0cm 24.0pt 0cm;\" align=\"center\">\u2022 Projeto de Leitura e Escrita<br style=\"box-sizing: border-box;\" \/>\u2013 (Prazer de Ler)<br style=\"box-sizing: border-box;\" \/>\u2022 Projeto de Matem\u00e1tica<br style=\"box-sizing: border-box;\" \/>\u2013 (Enigmas e Desafios)<br style=\"box-sizing: border-box;\" \/>\u2022 Projeto Pequenos Grandes Escritores<br style=\"box-sizing: border-box;\" \/>\u2013 (Alunos do 4\u00ba Ano \u2013 Prof\u00aa Francisca)<br style=\"box-sizing: border-box;\" \/>\u2022 Projeto de vida<\/h5><section class=\"elementor-section elementor-top-section elementor-element elementor-element-71ea9ea elementor-section-boxed elementor-section-height-default elementor-section-height-default\" data-id=\"71ea9ea\" data-element_type=\"section\"><\/section>\t\t\t\t\t\t\t\t<\/div>\n\t\t\t\t<\/div>\n\t\t\t\t<div class=\"elementor-element elementor-element-db89fcb elementor-widget elementor-widget-text-editor\" data-id=\"db89fcb\" data-element_type=\"widget\" data-e-type=\"widget\" data-widget_type=\"text-editor.default\">\n\t\t\t\t<div class=\"elementor-widget-container\">\n\t\t\t\t\t\t\t\t\t<p style=\"text-align: center;\"><strong>ENSINO FUNDAMENTAL II<\/strong><\/p><h5 style=\"text-align: center; margin: 0cm 0cm 24.0pt 0cm;\" align=\"center\">\u2022 Jornada de Avalia\u00e7\u00f5es \u2013 SFB<br style=\"box-sizing: border-box;\" \/>\u2022 Simulado ENEM \u2013 9\u00ba Ano \u2013 SFB<br style=\"box-sizing: border-box;\" \/>\u2022 Olimp\u00edadas de Matem\u00e1tica (OBMEP)<br style=\"box-sizing: border-box;\" \/>\u2022 Leituras de Paradid\u00e1ticos<br style=\"box-sizing: border-box;\" \/>\u2022 Monitoria<br style=\"box-sizing: border-box;\" \/>\u2022 Pr\u00eamio Chaplin<br style=\"box-sizing: border-box;\" \/>\u2022 Projeto de vida<\/h5><section class=\"elementor-section elementor-top-section elementor-element elementor-element-71ea9ea elementor-section-boxed elementor-section-height-default elementor-section-height-default\" data-id=\"71ea9ea\" data-element_type=\"section\"><\/section>\t\t\t\t\t\t\t\t<\/div>\n\t\t\t\t<\/div>\n\t\t\t\t<div class=\"elementor-element elementor-element-e57aec3 elementor-widget elementor-widget-text-editor\" data-id=\"e57aec3\" data-element_type=\"widget\" data-e-type=\"widget\" data-widget_type=\"text-editor.default\">\n\t\t\t\t<div class=\"elementor-widget-container\">\n\t\t\t\t\t\t\t\t\t<p style=\"text-align: center;\"><strong>ENSINO M\u00c9DIO<\/strong><\/p><h5 style=\"text-align: center; margin: 0cm 0cm 24.0pt 0cm;\" align=\"center\">\u2022 Olimp\u00edadas de Matem\u00e1tica (OBMEP)<br style=\"box-sizing: border-box;\" \/>\u2022 Projeto Sob Medida (Reda\u00e7\u00e3o)<br style=\"box-sizing: border-box;\" \/>\u2022 Simulados Enem \u2013 SFB<br style=\"box-sizing: border-box;\" \/>\u2022 Monitoria<br style=\"box-sizing: border-box;\" \/>\u2022 Pr\u00eamio Chaplin<br style=\"box-sizing: border-box;\" \/>\u2022 Projeto de vida<br style=\"box-sizing: border-box;\" \/>\u2022 Projeto Antirracista<br style=\"box-sizing: border-box;\" \/>\u2022 Projeto Orienta\u00e7\u00e3o Profissional<br style=\"box-sizing: border-box;\" \/>\u2022 Obras Liter\u00e1rias<br style=\"box-sizing: border-box;\" \/>\u2022 Aul\u00e3o Esquenta V\u00c9SPERA ENEM<\/h5><section class=\"elementor-section elementor-top-section elementor-element elementor-element-71ea9ea elementor-section-boxed elementor-section-height-default elementor-section-height-default\" data-id=\"71ea9ea\" data-element_type=\"section\"><\/section>\t\t\t\t\t\t\t\t<\/div>\n\t\t\t\t<\/div>\n\t\t\t\t<div class=\"elementor-element elementor-element-4ce6881 elementor-widget elementor-widget-text-editor\" data-id=\"4ce6881\" data-element_type=\"widget\" data-e-type=\"widget\" data-widget_type=\"text-editor.default\">\n\t\t\t\t<div class=\"elementor-widget-container\">\n\t\t\t\t\t\t\t\t\t<p style=\"text-align: center;\"><strong>DIRETORES<\/strong><\/p><h5 style=\"margin-top: 0cm; text-align: center; line-height: 16.8pt;\" align=\"center\"><span style=\"font-size: 12.5pt; font-family: 'Arial','sans-serif'; color: #0e0d0d; text-transform: uppercase;\">MARIA NUNES RODRIGUES BELMIRO <\/span><span style=\"font-size: 12.5pt; font-family: 'Arial','sans-serif'; color: #0e0d0d; text-transform: uppercase;\">e JOS\u00c9 VILDOMAR BELMIRO<\/span><\/h5><section class=\"elementor-section elementor-top-section elementor-element elementor-element-71ea9ea elementor-section-boxed elementor-section-height-default elementor-section-height-default\" data-id=\"71ea9ea\" data-element_type=\"section\"><\/section>\t\t\t\t\t\t\t\t<\/div>\n\t\t\t\t<\/div>\n\t\t\t\t<div class=\"elementor-element elementor-element-740a37e elementor-widget elementor-widget-text-editor\" data-id=\"740a37e\" data-element_type=\"widget\" data-e-type=\"widget\" data-widget_type=\"text-editor.default\">\n\t\t\t\t<div class=\"elementor-widget-container\">\n\t\t\t\t\t\t\t\t\t<p style=\"text-align: center;\"><strong>COORDENADORAS<\/strong><\/p><h5 style=\"margin-top: 0cm; text-align: center; line-height: 16.8pt;\" align=\"center\"><span style=\"font-size: 12.5pt; font-family: 'Arial','sans-serif'; color: #0e0d0d; text-transform: uppercase;\">Silvia Regina Alves Leite &#8211; Ed. Infantil e Fund. I<br \/>NATHALIA BATISTA FRADE &#8211; FUND. II<br \/>FABRICIA GOMES DE CARVALHO &#8211; ENS. M\u00c9DIO<br \/><\/span><\/h5><section class=\"elementor-section elementor-top-section elementor-element elementor-element-71ea9ea elementor-section-boxed elementor-section-height-default elementor-section-height-default\" data-id=\"71ea9ea\" data-element_type=\"section\"><\/section>\t\t\t\t\t\t\t\t<\/div>\n\t\t\t\t<\/div>\n\t\t\t\t<div class=\"elementor-element elementor-element-bc92fd7 elementor-widget elementor-widget-text-editor\" data-id=\"bc92fd7\" data-element_type=\"widget\" data-e-type=\"widget\" data-widget_type=\"text-editor.default\">\n\t\t\t\t<div class=\"elementor-widget-container\">\n\t\t\t\t\t\t\t\t\t<p style=\"text-align: center;\"><strong>SECRET\u00c1RIAS<\/strong><\/p><h5 style=\"text-align: center; margin: 0cm 0cm 24.0pt 0cm;\" align=\"center\">-LUCICLEIA SERAFIM DA SILVA AMORIM<br \/>-PATRICIA BENTO ALEXANDRE<br \/><br \/><\/h5><section data-id=\"71ea9ea\" data-element_type=\"section\"><\/section>\t\t\t\t\t\t\t\t<\/div>\n\t\t\t\t<\/div>\n\t\t\t\t<div class=\"elementor-element elementor-element-ff31432 elementor-widget elementor-widget-text-editor\" data-id=\"ff31432\" data-element_type=\"widget\" data-e-type=\"widget\" data-widget_type=\"text-editor.default\">\n\t\t\t\t<div class=\"elementor-widget-container\">\n\t\t\t\t\t\t\t\t\t<p style=\"text-align: center;\"><strong>PROFESSORAS DA EDUCA\u00c7\u00c3O INFATIL E FUNDAMENTAL I<\/strong><\/p><h5 style=\"text-align: center; margin: 0cm 0cm 24.0pt 0cm;\" align=\"center\">-NALYGIA SUENIA FRADE<br \/>-MARIA NICE MARQUES DEMEZIO<br \/>-ZENILDA BARBOSA DOS SANTOS<br \/>-JOANA DARC RODRIGUES XAVIER<br \/>&#8211; EDIANA LEITE DE SOUSA<br \/>&#8211; MARIA VILANY INACIO DE OLIVEIRA<br \/>&#8211; KARLA VERNAIDE ALVES BEZERRA PEREIRA<br \/>&#8211; FRANCISCA NAZARIO DA SILVA<br \/>&#8211; MARIA DE LOURDES BEZERRA LEITE<\/h5><section data-id=\"71ea9ea\" data-element_type=\"section\"><\/section>\t\t\t\t\t\t\t\t<\/div>\n\t\t\t\t<\/div>\n\t\t\t\t<div class=\"elementor-element elementor-element-90b064b elementor-widget elementor-widget-text-editor\" data-id=\"90b064b\" data-element_type=\"widget\" data-e-type=\"widget\" data-widget_type=\"text-editor.default\">\n\t\t\t\t<div class=\"elementor-widget-container\">\n\t\t\t\t\t\t\t\t\t<p style=\"text-align: center;\"><strong>PROFESSORES DO FUNDAMENTAL II E ENSINO M\u00c9DIO<\/strong><\/p><h5 style=\"text-align: center; margin: 0cm 0cm 24.0pt 0cm;\" align=\"center\">SILVANIO BERNARDO DE ARAUJO<br \/>MARIA APARECIDA GOMES DE SOUSA<br \/>WELMA GOMES RODRIGUES<br \/>EDILEUZA VIDAL DE SOUSA<br \/>OTONIELE RAMOS PEREIRA<br \/>MAILSON SILVA DE OLIVEIRA<br \/>C\u00cdRIO SAMUEL CARDOSO DA SILVA<br \/>SANDRA AM\u00c2NCIO RODRIGUES<br \/>MARIA SULDERLANIA LEITE LIMA MUNIZ<br \/>SAMOEL THARCISIO IURIK PACHECO DINIZ MANGUEIRA<br \/>ELLEM CAROLINE LEITE ARAUJO FERREIRA<br \/>VALMIR BERTO VITURINO<br \/>LUIS WAGNER SAMPAIO LOPES<br \/>JOSE FABIO NICOLAU DOS SANTOS<br \/>FRANCISCO PEREIRA BELEM II<br \/>MARIA VANESSA SOARES DE OLIVEIRA<br \/>VANDSON LACERDA DE FIGUEIREDO<br \/>CLOVIS DIAS PEDRO<br \/>FRANCISCA NELBE PEDROSA ARAUJO<br \/>MARCIANO VENTURA FERREIRA DE CARVALHO<\/h5><section data-id=\"71ea9ea\" data-element_type=\"section\"><\/section>\t\t\t\t\t\t\t\t<\/div>\n\t\t\t\t<\/div>\n\t\t\t\t\t<\/div>\n\t\t<\/div>\n\t\t\t\t\t<\/div>\n\t\t<\/section>\n\t\t\t\t<\/div>\n\t\t","protected":false},"excerpt":{"rendered":"<p>O COL\u00c9GIO JO\u00c3O HERMAN OFERECE PARA OS ESTUDANTES: ESTRUTURA \u2022 Biblioteca climatizada com acervo atualizado e qualificado, com cabines para estudos;\u2022 Laborat\u00f3rio de Exatas e Inform\u00e1tica;\u2022 Acompanhamento com a Psic\u00f3loga Educacional;\u2022 Audit\u00f3rio;\u2022 Gin\u00e1sio de Esportes, \u00c1rea Coberta e Espa\u00e7o de Conviv\u00eancia;\u2022 Cantina;\u2022 Forma\u00e7\u00e3o para vida pessoal e profissional; EDUCA\u00c7\u00c3O INFANTIL \u2022 Projeto Corpo, Arte e [&hellip;]<\/p>\n","protected":false},"author":1,"featured_media":0,"parent":0,"menu_order":0,"comment_status":"closed","ping_status":"closed","template":"","meta":{"footnotes":""},"class_list":["post-8417","page","type-page","status-publish","hentry","entry"],"_links":{"self":[{"href":"https:\/\/colegiojoaoherman.com.br\/index.php?rest_route=\/wp\/v2\/pages\/8417","targetHints":{"allow":["GET"]}}],"collection":[{"href":"https:\/\/colegiojoaoherman.com.br\/index.php?rest_route=\/wp\/v2\/pages"}],"about":[{"href":"https:\/\/colegiojoaoherman.com.br\/index.php?rest_route=\/wp\/v2\/types\/page"}],"author":[{"embeddable":true,"href":"https:\/\/colegiojoaoherman.com.br\/index.php?rest_route=\/wp\/v2\/users\/1"}],"replies":[{"embeddable":true,"href":"https:\/\/colegiojoaoherman.com.br\/index.php?rest_route=%2Fwp%2Fv2%2Fcomments&post=8417"}],"version-history":[{"count":36,"href":"https:\/\/colegiojoaoherman.com.br\/index.php?rest_route=\/wp\/v2\/pages\/8417\/revisions"}],"predecessor-version":[{"id":12842,"href":"https:\/\/colegiojoaoherman.com.br\/index.php?rest_route=\/wp\/v2\/pages\/8417\/revisions\/12842"}],"wp:attachment":[{"href":"https:\/\/colegiojoaoherman.com.br\/index.php?rest_route=%2Fwp%2Fv2%2Fmedia&parent=8417"}],"curies":[{"name":"wp","href":"https:\/\/api.w.org\/{rel}","templated":true}]}}