{"id":8450,"date":"2021-11-12T16:06:51","date_gmt":"2021-11-12T18:06:51","guid":{"rendered":"https:\/\/colegiojoaoherman.com.br\/?page_id=8450"},"modified":"2022-04-20T23:37:53","modified_gmt":"2022-04-21T02:37:53","slug":"sobmedida","status":"publish","type":"page","link":"https:\/\/colegiojoaoherman.com.br\/?page_id=8450","title":{"rendered":"PROJETO SOB MEDIDA"},"content":{"rendered":"\t\t<div data-elementor-type=\"wp-page\" data-elementor-id=\"8450\" class=\"elementor elementor-8450\">\n\t\t\t\t\t\t<section class=\"elementor-section elementor-top-section elementor-element elementor-element-967f9cb elementor-section-stretched elementor-section-full_width elementor-section-height-default elementor-section-height-default\" data-id=\"967f9cb\" data-element_type=\"section\" data-e-type=\"section\" data-settings=\"{&quot;stretch_section&quot;:&quot;section-stretched&quot;,&quot;background_background&quot;:&quot;classic&quot;,&quot;shape_divider_top&quot;:&quot;waves&quot;,&quot;shape_divider_bottom&quot;:&quot;waves&quot;}\">\n\t\t\t\t\t<div class=\"elementor-shape elementor-shape-top\" aria-hidden=\"true\" data-negative=\"false\">\n\t\t\t<svg xmlns=\"http:\/\/www.w3.org\/2000\/svg\" viewBox=\"0 0 1000 100\" preserveAspectRatio=\"none\">\n\t<path class=\"elementor-shape-fill\" d=\"M421.9,6.5c22.6-2.5,51.5,0.4,75.5,5.3c23.6,4.9,70.9,23.5,100.5,35.7c75.8,32.2,133.7,44.5,192.6,49.7\n\tc23.6,2.1,48.7,3.5,103.4-2.5c54.7-6,106.2-25.6,106.2-25.6V0H0v30.3c0,0,72,32.6,158.4,30.5c39.2-0.7,92.8-6.7,134-22.4\n\tc21.2-8.1,52.2-18.2,79.7-24.2C399.3,7.9,411.6,7.5,421.9,6.5z\"\/>\n<\/svg>\t\t<\/div>\n\t\t\t\t<div class=\"elementor-shape elementor-shape-bottom\" aria-hidden=\"true\" data-negative=\"false\">\n\t\t\t<svg xmlns=\"http:\/\/www.w3.org\/2000\/svg\" viewBox=\"0 0 1000 100\" preserveAspectRatio=\"none\">\n\t<path class=\"elementor-shape-fill\" d=\"M421.9,6.5c22.6-2.5,51.5,0.4,75.5,5.3c23.6,4.9,70.9,23.5,100.5,35.7c75.8,32.2,133.7,44.5,192.6,49.7\n\tc23.6,2.1,48.7,3.5,103.4-2.5c54.7-6,106.2-25.6,106.2-25.6V0H0v30.3c0,0,72,32.6,158.4,30.5c39.2-0.7,92.8-6.7,134-22.4\n\tc21.2-8.1,52.2-18.2,79.7-24.2C399.3,7.9,411.6,7.5,421.9,6.5z\"\/>\n<\/svg>\t\t<\/div>\n\t\t\t\t\t<div class=\"elementor-container elementor-column-gap-default\">\n\t\t\t\t\t<div class=\"elementor-column elementor-col-100 elementor-top-column elementor-element elementor-element-8c458ed\" data-id=\"8c458ed\" data-element_type=\"column\" data-e-type=\"column\">\n\t\t\t<div class=\"elementor-widget-wrap\">\n\t\t\t\t\t\t\t<\/div>\n\t\t<\/div>\n\t\t\t\t\t<\/div>\n\t\t<\/section>\n\t\t\t\t<section class=\"elementor-section elementor-top-section elementor-element elementor-element-de82425 elementor-section-boxed elementor-section-height-default elementor-section-height-default\" data-id=\"de82425\" data-element_type=\"section\" data-e-type=\"section\">\n\t\t\t\t\t\t<div class=\"elementor-container elementor-column-gap-default\">\n\t\t\t\t\t<div class=\"elementor-column elementor-col-100 elementor-top-column elementor-element elementor-element-24729f1\" data-id=\"24729f1\" data-element_type=\"column\" data-e-type=\"column\">\n\t\t\t<div class=\"elementor-widget-wrap elementor-element-populated\">\n\t\t\t\t\t\t<div class=\"elementor-element elementor-element-08e6ceb elementor-widget elementor-widget-spacer\" data-id=\"08e6ceb\" data-element_type=\"widget\" data-e-type=\"widget\" data-widget_type=\"spacer.default\">\n\t\t\t\t<div class=\"elementor-widget-container\">\n\t\t\t\t\t\t\t<div class=\"elementor-spacer\">\n\t\t\t<div class=\"elementor-spacer-inner\"><\/div>\n\t\t<\/div>\n\t\t\t\t\t\t<\/div>\n\t\t\t\t<\/div>\n\t\t\t\t<div class=\"elementor-element elementor-element-b584de2 elementor-widget elementor-widget-heading\" data-id=\"b584de2\" data-element_type=\"widget\" data-e-type=\"widget\" data-widget_type=\"heading.default\">\n\t\t\t\t<div class=\"elementor-widget-container\">\n\t\t\t\t\t<h6 class=\"elementor-heading-title elementor-size-small\">PROJETO SOB MEDIDA<\/h6>\t\t\t\t<\/div>\n\t\t\t\t<\/div>\n\t\t\t\t\t<\/div>\n\t\t<\/div>\n\t\t\t\t\t<\/div>\n\t\t<\/section>\n\t\t\t\t<section class=\"elementor-section elementor-top-section elementor-element elementor-element-7e23d08 elementor-section-boxed elementor-section-height-default elementor-section-height-default\" data-id=\"7e23d08\" data-element_type=\"section\" data-e-type=\"section\">\n\t\t\t\t\t\t<div class=\"elementor-container elementor-column-gap-default\">\n\t\t\t\t\t<div class=\"elementor-column elementor-col-100 elementor-top-column elementor-element elementor-element-56daab7\" data-id=\"56daab7\" data-element_type=\"column\" data-e-type=\"column\">\n\t\t\t<div class=\"elementor-widget-wrap elementor-element-populated\">\n\t\t\t\t\t\t<div class=\"elementor-element elementor-element-0fa1d64 elementor-widget elementor-widget-spacer\" data-id=\"0fa1d64\" data-element_type=\"widget\" data-e-type=\"widget\" data-widget_type=\"spacer.default\">\n\t\t\t\t<div class=\"elementor-widget-container\">\n\t\t\t\t\t\t\t<div class=\"elementor-spacer\">\n\t\t\t<div class=\"elementor-spacer-inner\"><\/div>\n\t\t<\/div>\n\t\t\t\t\t\t<\/div>\n\t\t\t\t<\/div>\n\t\t\t\t<div class=\"elementor-element elementor-element-5ad5ed4 elementor-widget elementor-widget-text-editor\" data-id=\"5ad5ed4\" data-element_type=\"widget\" data-e-type=\"widget\" data-widget_type=\"text-editor.default\">\n\t\t\t\t<div class=\"elementor-widget-container\">\n\t\t\t\t\t\t\t\t\t<p style=\"text-align: center;\"><strong>Lideran\u00e7a muito al\u00e9m dos primeiros passos.<\/strong><\/p><h5 style=\"text-align: center; line-height: 16.8pt;\" align=\"center\">Nos dias 16 e 17 de Dezembro de 2021, foi realizado a Culmin\u00e2ncia do Projeto Sob Medida com os alunos do Ensino M\u00e9dio do Col\u00e9gio Jo\u00e3o Herman Rodrigues de Figueiredo, que abrilhantaram o evento com um grande show de conhecimento por meio de belas apresenta\u00e7\u00f5es.<\/h5>\t\t\t\t\t\t\t\t<\/div>\n\t\t\t\t<\/div>\n\t\t\t\t<div class=\"elementor-element elementor-element-261105d elementor-widget elementor-widget-text-editor\" data-id=\"261105d\" data-element_type=\"widget\" data-e-type=\"widget\" data-widget_type=\"text-editor.default\">\n\t\t\t\t<div class=\"elementor-widget-container\">\n\t\t\t\t\t\t\t\t\t<p style=\"text-align: center;\"><strong>Lideran\u00e7a muito al\u00e9m dos primeiros passos.<\/strong><\/p><h5 style=\"text-align: center; line-height: 16.8pt;\" align=\"center\">1\u00b0 M\u00e9dio: Projeto de Vida \u2013 As Profiss\u00f5es;<br \/><br \/>2\u00b0 M\u00e9dio: Pe\u00e7a sobre a Semana de Arte Moderna<br \/><br \/>3\u00b0 M\u00e9dio: As Vanguardas Europeias \u2013 Frisando o Expressionismo em pandemia.<br \/><br \/>Sob a orienta\u00e7\u00e3o dos Professores das \u00e1reas de <br \/>Linguagens e Humanas:<br \/>Silv\u00e2nio, Mulbia, Edileuza, Sandra, Welma, Mary, Ellen, F\u00e1bio e Bel\u00e9m<br \/><br \/>Dando encerramento a culmin\u00e2ncia do Projeto Sob Medida, das \u00e1reas de Natureza e Matem\u00e1tica, sob a orienta\u00e7\u00e3o dos Professores: C\u00edrio Samuel, Cl\u00f3vis Dias, Elhinho Ramos, Marciano Ventura, Mailson Silva, Nathan Lacerda, Samuel Yurik<br \/><br \/>1\u00b0 M\u00e9dio: O lixo<br \/><br \/>2\u00b0 M\u00e9dio: Energias n\u00e3o Renov\u00e1veis<br \/><br \/>3\u00b0 M\u00e9dio Energias Renov\u00e1veis<br \/><br \/>Este projeto tinha como objetivo desenvolver as habilidades dos alunos.<\/h5>\t\t\t\t\t\t\t\t<\/div>\n\t\t\t\t<\/div>\n\t\t\t\t\t<\/div>\n\t\t<\/div>\n\t\t\t\t\t<\/div>\n\t\t<\/section>\n\t\t\t\t<\/div>\n\t\t","protected":false},"excerpt":{"rendered":"<p>PROJETO SOB MEDIDA Lideran\u00e7a muito al\u00e9m dos primeiros passos. Nos dias 16 e 17 de Dezembro de 2021, foi realizado a Culmin\u00e2ncia do Projeto Sob Medida com os alunos do Ensino M\u00e9dio do Col\u00e9gio Jo\u00e3o Herman Rodrigues de Figueiredo, que abrilhantaram o evento com um grande show de conhecimento por meio de belas apresenta\u00e7\u00f5es. Lideran\u00e7a [&hellip;]<\/p>\n","protected":false},"author":1,"featured_media":0,"parent":0,"menu_order":0,"comment_status":"closed","ping_status":"closed","template":"","meta":{"footnotes":""},"class_list":["post-8450","page","type-page","status-publish","hentry","entry"],"_links":{"self":[{"href":"https:\/\/colegiojoaoherman.com.br\/index.php?rest_route=\/wp\/v2\/pages\/8450","targetHints":{"allow":["GET"]}}],"collection":[{"href":"https:\/\/colegiojoaoherman.com.br\/index.php?rest_route=\/wp\/v2\/pages"}],"about":[{"href":"https:\/\/colegiojoaoherman.com.br\/index.php?rest_route=\/wp\/v2\/types\/page"}],"author":[{"embeddable":true,"href":"https:\/\/colegiojoaoherman.com.br\/index.php?rest_route=\/wp\/v2\/users\/1"}],"replies":[{"embeddable":true,"href":"https:\/\/colegiojoaoherman.com.br\/index.php?rest_route=%2Fwp%2Fv2%2Fcomments&post=8450"}],"version-history":[{"count":17,"href":"https:\/\/colegiojoaoherman.com.br\/index.php?rest_route=\/wp\/v2\/pages\/8450\/revisions"}],"predecessor-version":[{"id":12650,"href":"https:\/\/colegiojoaoherman.com.br\/index.php?rest_route=\/wp\/v2\/pages\/8450\/revisions\/12650"}],"wp:attachment":[{"href":"https:\/\/colegiojoaoherman.com.br\/index.php?rest_route=%2Fwp%2Fv2%2Fmedia&parent=8450"}],"curies":[{"name":"wp","href":"https:\/\/api.w.org\/{rel}","templated":true}]}}